{"id":13,"date":"2010-11-20T15:31:35","date_gmt":"2010-11-20T15:31:35","guid":{"rendered":"http:\/\/www.lesenundbuch.de\/lub\/?page_id=13"},"modified":"2019-08-22T11:30:06","modified_gmt":"2019-08-22T11:30:06","slug":"projekte","status":"publish","type":"page","link":"http:\/\/www.lesenundbuch.de\/?page_id=13","title":{"rendered":"Projekte"},"content":{"rendered":"<p style=\"text-align: justify;\"><strong>Vorlesen<br \/>\n<\/strong>Der Bereich des Vorlesens entwickelt sich best\u00e4ndig weiter: Wir lesen \u00f6ffentlich in der Stadtbibliothek und ihren Au\u00dfenstellen, zudem im Alten- und Pflegeheim Maria vom Siege. Seit diesem Jahr besuchen einige unsere Mitglieder verschiedene Grundschulen und tragen dort ihre szenische Lesungen zum Thema \u201ePiraten\u201c vor. Unser Verein organisiert immer wieder verschiedene literarische Abende, die sich h\u00e4ufig einer Ausstellung des\u00a0 Ludwig Museum oder Mittelrhein-Museums anschlie\u00dfen, wie zum Beispiel \u201eSehnsucht Rhein &#8211; Sehnsucht Wein\u201c, \u201eLiterarischer Riviera Cocktail\u201c oder \u201ePapierne M\u00e4dchen\u201c, eine Lesung zu Sophie LaRoche.<\/p>\n<p style=\"text-align: justify;\">Als Mitglied k\u00f6nnen interessierte VorleserInnen immer wieder Sprech- und Lesetraining mit Ada F\u00fcrstenau genie\u00dfen sowie an der Ausbildung zum Lesepaten teilnehmen. Zudem treffen sich unsere aktiven VorleserInnen regelm\u00e4\u00dfig am ersten Dienstag im Monat um 16.30 Uhr in der Stadtbibliothek zum Erfahrungsaustausch.<\/p>\n<p style=\"text-align: justify;\">Viele unserer Mitglieder lesen regelm\u00e4\u00dfig f\u00fcr Kinder und Jugendliche an den folgenden Orten in Koblenz:<\/p>\n<p>Hauptstelle Kinder- und Jugendbibliothek<br \/>\nAda F\u00fcrstenau<br \/>\ndonnerstags<br \/>\n15-16 Uhr<\/p>\n<p>Stadtteilbibliothek Horchheim<br \/>\ndonnerstags<br \/>\n15-16 Uhr<\/p>\n<p>Stadtteilbibliothek Pfaffendorfer H\u00f6he<br \/>\ndienstags<br \/>\n15-16 Uhr<\/p>\n<p style=\"text-align: justify;\">Wir freuen uns darauf, Sie oder Ihre Kinder als Zuh\u00f6rer begr\u00fc\u00dfen zu d\u00fcrfen. Vielleicht haben wir ja auch Ihr Interesse am Vorlesen oder an der Beteiligung unserer anderen Projekte geweckt? Dann schauen Sie bei einer unserer Veranstaltungen vorbei oder unter \u00a0\u00a0 <a href=\"http:\/\/www.lesenundbuch.de\/lub\/?page_id=18\">Was Sie tun k\u00f6nnen<\/a> nach, wie Sie uns kennen lernen k\u00f6nnen.<br \/>\nWir freuen uns auf Sie!<\/p>\n","protected":false},"excerpt":{"rendered":"<p>Vorlesen Der Bereich des Vorlesens entwickelt sich best\u00e4ndig weiter: Wir lesen \u00f6ffentlich in der Stadtbibliothek und ihren Au\u00dfenstellen, zudem im Alten- und Pflegeheim Maria vom Siege. Seit diesem Jahr besuchen einige unsere Mitglieder verschiedene Grundschulen und tragen dort ihre szenische &hellip; <a href=\"http:\/\/www.lesenundbuch.de\/?page_id=13\">Weiterlesen <span class=\"meta-nav\">&rarr;<\/span><\/a><\/p>\n","protected":false},"author":1,"featured_media":0,"parent":0,"menu_order":3,"comment_status":"closed","ping_status":"closed","template":"","meta":{"footnotes":""},"class_list":["post-13","page","type-page","status-publish","hentry"],"_links":{"self":[{"href":"http:\/\/www.lesenundbuch.de\/index.php?rest_route=\/wp\/v2\/pages\/13","targetHints":{"allow":["GET"]}}],"collection":[{"href":"http:\/\/www.lesenundbuch.de\/index.php?rest_route=\/wp\/v2\/pages"}],"about":[{"href":"http:\/\/www.lesenundbuch.de\/index.php?rest_route=\/wp\/v2\/types\/page"}],"author":[{"embeddable":true,"href":"http:\/\/www.lesenundbuch.de\/index.php?rest_route=\/wp\/v2\/users\/1"}],"replies":[{"embeddable":true,"href":"http:\/\/www.lesenundbuch.de\/index.php?rest_route=%2Fwp%2Fv2%2Fcomments&post=13"}],"version-history":[{"count":6,"href":"http:\/\/www.lesenundbuch.de\/index.php?rest_route=\/wp\/v2\/pages\/13\/revisions"}],"predecessor-version":[{"id":701,"href":"http:\/\/www.lesenundbuch.de\/index.php?rest_route=\/wp\/v2\/pages\/13\/revisions\/701"}],"wp:attachment":[{"href":"http:\/\/www.lesenundbuch.de\/index.php?rest_route=%2Fwp%2Fv2%2Fmedia&parent=13"}],"curies":[{"name":"wp","href":"https:\/\/api.w.org\/{rel}","templated":true}]}}