{"id":198,"date":"2010-11-21T11:26:06","date_gmt":"2010-11-21T11:26:06","guid":{"rendered":"http:\/\/www.lesenundbuch.de\/lub\/?page_id=198"},"modified":"2016-06-27T07:11:06","modified_gmt":"2016-06-27T07:11:06","slug":"literatur-der-region","status":"publish","type":"page","link":"http:\/\/www.lesenundbuch.de\/?page_id=198","title":{"rendered":"Literatur der Region"},"content":{"rendered":"<p style=\"text-align: justify;\"><strong>Lesung: Fritz von Unruh<\/strong><\/p>\n<p style=\"text-align: justify;\">Der Schriftsteller Fritz von Unruh, der 1885 in Koblenz geboren wurde, ist als Dramatiker und Romancier \u00fcber die Grenzen Deutschlands hinweg bekannt geworden. Fritz von Unruh, der aus einer Offiziersfamilie stammte, wurde durch die Erlebnisse im Ersten Weltkrieg zum \u00fcberzeugten Pazifisten. Vor der Machtergreifung der Nationalsozialisten floh er aus Deutschland und emigrierte nach Nordamerika. Seine demokratische Haltung und aufrechte Gesinnung spiegeln sich in seinen Texten wider, die mit zahlreichen Preisen ausgezeichnet wurden.<\/p>\n<p style=\"text-align: justify;\"><strong>Regionale Literaturgr\u00f6\u00dfe Clara Viebig<\/strong><\/p>\n<p style=\"text-align: justify;\">Clara Viebigs erster Roman hie\u00df \u201eRheinlandst\u00f6chter\u201c und schon hier stellt die 1860 in Trier geborene Erz\u00e4hlerin die Schilderung sozialer und gesellschaftlicher Umst\u00e4nde von M\u00e4dchen und Frauen bewusst in den Mittelpunkt. Themen der Frauen ihrer Zeit wie Beziehung, Mitgift und Mutterschaft sowohl in als auch au\u00dferhalb der Ehe\u00a0behandelte sie in Ihren Werken, welche\u00a0um die Jahrhundertwende zu den meist gelesenen\u00a0z\u00e4hlten. Der Verein Lesen und Buch Freunde der StadtBiblitohek Koblenz e.V. w\u00fcrdigte die regionale Literaturgr\u00f6\u00dfe in Kooperation mit der StadtBibliothek aus Anlass Ihres 150. Geburtstages mit einer Lesung ausgew\u00e4hlter Texte.<\/p>\n","protected":false},"excerpt":{"rendered":"<p>Lesung: Fritz von Unruh Der Schriftsteller Fritz von Unruh, der 1885 in Koblenz geboren wurde, ist als Dramatiker und Romancier \u00fcber die Grenzen Deutschlands hinweg bekannt geworden. Fritz von Unruh, der aus einer Offiziersfamilie stammte, wurde durch die Erlebnisse im &hellip; <a href=\"http:\/\/www.lesenundbuch.de\/?page_id=198\">Weiterlesen <span class=\"meta-nav\">&rarr;<\/span><\/a><\/p>\n","protected":false},"author":1,"featured_media":0,"parent":13,"menu_order":0,"comment_status":"closed","ping_status":"closed","template":"","meta":{"footnotes":""},"class_list":["post-198","page","type-page","status-publish","hentry"],"_links":{"self":[{"href":"http:\/\/www.lesenundbuch.de\/index.php?rest_route=\/wp\/v2\/pages\/198","targetHints":{"allow":["GET"]}}],"collection":[{"href":"http:\/\/www.lesenundbuch.de\/index.php?rest_route=\/wp\/v2\/pages"}],"about":[{"href":"http:\/\/www.lesenundbuch.de\/index.php?rest_route=\/wp\/v2\/types\/page"}],"author":[{"embeddable":true,"href":"http:\/\/www.lesenundbuch.de\/index.php?rest_route=\/wp\/v2\/users\/1"}],"replies":[{"embeddable":true,"href":"http:\/\/www.lesenundbuch.de\/index.php?rest_route=%2Fwp%2Fv2%2Fcomments&post=198"}],"version-history":[{"count":10,"href":"http:\/\/www.lesenundbuch.de\/index.php?rest_route=\/wp\/v2\/pages\/198\/revisions"}],"predecessor-version":[{"id":596,"href":"http:\/\/www.lesenundbuch.de\/index.php?rest_route=\/wp\/v2\/pages\/198\/revisions\/596"}],"up":[{"embeddable":true,"href":"http:\/\/www.lesenundbuch.de\/index.php?rest_route=\/wp\/v2\/pages\/13"}],"wp:attachment":[{"href":"http:\/\/www.lesenundbuch.de\/index.php?rest_route=%2Fwp%2Fv2%2Fmedia&parent=198"}],"curies":[{"name":"wp","href":"https:\/\/api.w.org\/{rel}","templated":true}]}}