{"id":279,"date":"2010-11-22T19:17:15","date_gmt":"2010-11-22T19:17:15","guid":{"rendered":"http:\/\/www.lesenundbuch.de\/lub\/?page_id=279"},"modified":"2023-08-17T05:46:38","modified_gmt":"2023-08-17T05:46:38","slug":"vorlesen","status":"publish","type":"page","link":"http:\/\/www.lesenundbuch.de\/?page_id=279","title":{"rendered":"Vorlesen"},"content":{"rendered":"<p style=\"font-weight: 400;\">Der Bereich des Vorlesens entwickelt sich best\u00e4ndig weiter: Wir lesen \u00f6ffentlich in der Stadtbibliothek und einigen ihrer Au\u00dfenstellen. Auf Anfrage besuchen einige unserer Mitglieder verschiedene Grundschulen und tragen dort ihre szenischen Lesungen vor. Unser Verein organisiert immer wieder verschiedene literarische Abende. Geschichtliche Themen, die wir u.a. beim Augustafest aufgreifen, haben einen Bezug zu Koblenz und zur Region ebenso wie bei unserem Engagement f\u00fcr die Koblenzer Wochen der Demokratie.<\/p>\n<p style=\"font-weight: 400;\">Die aktiven VorleserInnen treffen sich regelm\u00e4\u00dfig am ersten Dienstag im Monat um 11 Uhr in der Stadtbibliothek zum Erfahrungsaustausch.<\/p>\n","protected":false},"excerpt":{"rendered":"<p>Der Bereich des Vorlesens entwickelt sich best\u00e4ndig weiter: Wir lesen \u00f6ffentlich in der Stadtbibliothek und einigen ihrer Au\u00dfenstellen. Auf Anfrage besuchen einige unserer Mitglieder verschiedene Grundschulen und tragen dort ihre szenischen Lesungen vor. Unser Verein organisiert immer wieder verschiedene literarische &hellip; <a href=\"http:\/\/www.lesenundbuch.de\/?page_id=279\">Weiterlesen <span class=\"meta-nav\">&rarr;<\/span><\/a><\/p>\n","protected":false},"author":1,"featured_media":0,"parent":13,"menu_order":0,"comment_status":"closed","ping_status":"closed","template":"","meta":{"footnotes":""},"class_list":["post-279","page","type-page","status-publish","hentry"],"_links":{"self":[{"href":"http:\/\/www.lesenundbuch.de\/index.php?rest_route=\/wp\/v2\/pages\/279","targetHints":{"allow":["GET"]}}],"collection":[{"href":"http:\/\/www.lesenundbuch.de\/index.php?rest_route=\/wp\/v2\/pages"}],"about":[{"href":"http:\/\/www.lesenundbuch.de\/index.php?rest_route=\/wp\/v2\/types\/page"}],"author":[{"embeddable":true,"href":"http:\/\/www.lesenundbuch.de\/index.php?rest_route=\/wp\/v2\/users\/1"}],"replies":[{"embeddable":true,"href":"http:\/\/www.lesenundbuch.de\/index.php?rest_route=%2Fwp%2Fv2%2Fcomments&post=279"}],"version-history":[{"count":13,"href":"http:\/\/www.lesenundbuch.de\/index.php?rest_route=\/wp\/v2\/pages\/279\/revisions"}],"predecessor-version":[{"id":912,"href":"http:\/\/www.lesenundbuch.de\/index.php?rest_route=\/wp\/v2\/pages\/279\/revisions\/912"}],"up":[{"embeddable":true,"href":"http:\/\/www.lesenundbuch.de\/index.php?rest_route=\/wp\/v2\/pages\/13"}],"wp:attachment":[{"href":"http:\/\/www.lesenundbuch.de\/index.php?rest_route=%2Fwp%2Fv2%2Fmedia&parent=279"}],"curies":[{"name":"wp","href":"https:\/\/api.w.org\/{rel}","templated":true}]}}