{"id":4,"date":"2010-11-20T12:22:35","date_gmt":"2010-11-20T12:22:35","guid":{"rendered":"http:\/\/www.lesenundbuch.de\/lub\/?page_id=4"},"modified":"2019-08-22T11:29:22","modified_gmt":"2019-08-22T11:29:22","slug":"forderverein-lesen-und-buch","status":"publish","type":"page","link":"http:\/\/www.lesenundbuch.de\/","title":{"rendered":"Herzlich Willkommen!"},"content":{"rendered":"<p style=\"text-align: justify;\">Wir, der F\u00f6rderverein Lesen und Buch &#8211; Freunde der Stadtbibliothek Koblenz e. V., verfolgen bei unseren ehrenamtlichen Projekten verschiedene Ideen, um die Ziele unseres Vereins zu verwirklichen. Unser Hauptanliegen ist es, unsere eigene Freude am Lesen und an B\u00fcchern mit anderen Menschen zu teilen und an diese weiterzugeben.<\/p>\n<p style=\"text-align: justify;\">Ganz besonders liegt uns die F\u00f6rderung der Stadtbibliothek Koblenz am Herzen, denn hier kann jeder Koblenzer die N\u00e4he zum Buch pflegen. Wir engagieren uns mit regelm\u00e4\u00dfigen Lesungen in der Stadtbibliothek sowie ihren Au\u00dfenstellen und sammeln Geld f\u00fcr eine \u201eWohlf\u00fchlbibliothek\u201c f\u00fcr Heranwachsende zwischen 12 und 16 Jahren.<\/p>\n<p style=\"text-align: justify;\">Zudem setzen wir uns f\u00fcr die Stadt Koblenz und ihre Menschen ein. In der Reihe &#8222;Literatur der Region&#8220; bieten wir Lesungen in der Stadtbibliothek und im Mutter-Beethoven-Haus an. Zudem veranstalten wir B\u00fccherflohm\u00e4rkte, organisieren literarische Abende und szenische Lesungen und beteiligen uns zum Beispiel am Augusta-Fest in den Rheinanlagen. Wir bieten die M\u00f6glichkeit zum Vorlesetraining an und lesen mit gro\u00dfer Freude regelm\u00e4\u00dfig in Kinderg\u00e4rten und Schulen &#8211; um nur einige unserer vielf\u00e4ltigen Projekte\u00a0zu nennen.<\/p>\n","protected":false},"excerpt":{"rendered":"<p>Wir, der F\u00f6rderverein Lesen und Buch &#8211; Freunde der Stadtbibliothek Koblenz e. V., verfolgen bei unseren ehrenamtlichen Projekten verschiedene Ideen, um die Ziele unseres Vereins zu verwirklichen. Unser Hauptanliegen ist es, unsere eigene Freude am Lesen und an B\u00fcchern mit &hellip; <a href=\"http:\/\/www.lesenundbuch.de\/\">Weiterlesen <span class=\"meta-nav\">&rarr;<\/span><\/a><\/p>\n","protected":false},"author":1,"featured_media":0,"parent":0,"menu_order":0,"comment_status":"closed","ping_status":"closed","template":"","meta":{"footnotes":""},"class_list":["post-4","page","type-page","status-publish","hentry"],"_links":{"self":[{"href":"http:\/\/www.lesenundbuch.de\/index.php?rest_route=\/wp\/v2\/pages\/4","targetHints":{"allow":["GET"]}}],"collection":[{"href":"http:\/\/www.lesenundbuch.de\/index.php?rest_route=\/wp\/v2\/pages"}],"about":[{"href":"http:\/\/www.lesenundbuch.de\/index.php?rest_route=\/wp\/v2\/types\/page"}],"author":[{"embeddable":true,"href":"http:\/\/www.lesenundbuch.de\/index.php?rest_route=\/wp\/v2\/users\/1"}],"replies":[{"embeddable":true,"href":"http:\/\/www.lesenundbuch.de\/index.php?rest_route=%2Fwp%2Fv2%2Fcomments&post=4"}],"version-history":[{"count":23,"href":"http:\/\/www.lesenundbuch.de\/index.php?rest_route=\/wp\/v2\/pages\/4\/revisions"}],"predecessor-version":[{"id":700,"href":"http:\/\/www.lesenundbuch.de\/index.php?rest_route=\/wp\/v2\/pages\/4\/revisions\/700"}],"wp:attachment":[{"href":"http:\/\/www.lesenundbuch.de\/index.php?rest_route=%2Fwp%2Fv2%2Fmedia&parent=4"}],"curies":[{"name":"wp","href":"https:\/\/api.w.org\/{rel}","templated":true}]}}